{"id":234,"date":"2019-02-14T06:03:21","date_gmt":"2019-02-14T06:03:21","guid":{"rendered":"http:\/\/laspicardes.com\/?page_id=234"},"modified":"2019-04-26T15:48:29","modified_gmt":"2019-04-26T15:48:29","slug":"mention-legales","status":"publish","type":"page","link":"https:\/\/laspicardes.com\/aspi\/?page_id=234","title":{"rendered":"Mentions l\u00e9gales"},"content":{"rendered":"\t\t<div data-elementor-type=\"wp-post\" data-elementor-id=\"234\" class=\"elementor elementor-234\">\n\t\t\t\t\t\t<section class=\"elementor-section elementor-top-section elementor-element elementor-element-20381bc elementor-section-boxed elementor-section-height-default elementor-section-height-default\" data-id=\"20381bc\" data-element_type=\"section\" data-e-type=\"section\">\n\t\t\t\t\t\t<div class=\"elementor-container elementor-column-gap-default\">\n\t\t\t\t\t<div class=\"elementor-column elementor-col-100 elementor-top-column elementor-element elementor-element-fa4c8ee\" data-id=\"fa4c8ee\" data-element_type=\"column\" data-e-type=\"column\">\n\t\t\t<div class=\"elementor-widget-wrap elementor-element-populated\">\n\t\t\t\t\t\t<div class=\"elementor-element elementor-element-84c3946 elementor-widget elementor-widget-text-editor\" data-id=\"84c3946\" data-element_type=\"widget\" data-e-type=\"widget\" data-widget_type=\"text-editor.default\">\n\t\t\t\t<div class=\"elementor-widget-container\">\n\t\t\t\t\t\t\t\t\t<h3 style=\"margin-top: 0cm; text-align: justify; line-height: 27.0pt; background: whitesmoke; vertical-align: baseline;\"><span style=\"font-size: 22.5pt; font-family: chopinscriptmedium, serif; color: #565a5c;\">Editeur du site :<\/span><\/h3><p style=\"margin: 0cm 0cm 0.0001pt; text-align: justify; background: whitesmoke; vertical-align: baseline; transition: all 0.3s ease-out 0s; outline: 0px;\"><span style=\"color: #565a5c; font-family: Arial, sans-serif;\"><span style=\"font-size: 10.5pt;\">Ce site est \u00e9dit\u00e9 par Marc GUENEL<\/span><\/span><\/p><p style=\"margin: 0cm 0cm 0.0001pt; text-align: justify; background: whitesmoke; vertical-align: baseline; transition: all 0.3s ease-out 0s; outline: 0px;\"><span style=\"color: #565a5c; font-family: Arial, sans-serif;\"><span style=\"font-size: 10.5pt;\">Chambres d\u2019h\u00f4tes, g\u00eete a Laspicardes.<\/span><\/span><br style=\"transition: all 0.3s ease-out 0s;\" \/><span style=\"color: #565a5c; font-family: Arial, sans-serif;\"><span style=\"font-size: 10.5pt;\">2064 route de Sainte Radegonde<\/span><\/span><\/p><p style=\"margin: 0cm 0cm 0.0001pt; text-align: justify; background: whitesmoke; vertical-align: baseline; transition: all 0.3s ease-out 0s; outline: 0px;\"><span style=\"color: #565a5c; font-family: Arial, sans-serif;\"><span style=\"font-size: 10.5pt;\">47210 Doudrac, France<\/span><\/span><\/p><p style=\"margin: 0cm 0cm 0.0001pt; text-align: justify; background: whitesmoke; vertical-align: baseline; transition: all 0.3s ease-out 0s; outline: 0px;\"><br style=\"transition: all 0.3s ease-out 0s;\" \/><span style=\"color: #565a5c; font-family: Arial, sans-serif;\"><span style=\"font-size: 10.5pt;\">e-mail : <\/span><span style=\"font-size: 14px;\">inga-marco@laspicardes.com<\/span><\/span><br style=\"transition: all 0.3s ease-out 0s;\" \/><span style=\"color: #565a5c; font-family: Arial, sans-serif;\"><span style=\"font-size: 10.5pt;\">Responsable de la publication : Marc GUENEL<\/span><\/span><\/p><p style=\"margin: 0cm 0cm 0.0001pt; text-align: justify; background: whitesmoke; vertical-align: baseline; transition: all 0.3s ease-out 0s; outline: 0px;\"><span style=\"font-size: 10.5pt; font-family: 'Arial','sans-serif'; color: #565a5c;\">H\u00e9bergement Web : Snk Intertrade<\/span><\/p><p style=\"margin: 0cm 0cm 0.0001pt; text-align: justify; background: whitesmoke; vertical-align: baseline; transition: all 0.3s ease-out 0s; outline: 0px;\"><span style=\"color: #565a5c; font-family: Arial, sans-serif;\"><span style=\"font-size: 10.5pt;\">Conception du site Internet : Marc GUENEL<\/span><\/span><\/p><h3>\u00a0<\/h3><h3 style=\"margin-top: 0cm; text-align: justify; line-height: 27pt; background: whitesmoke; vertical-align: baseline; transition: all 0.3s ease-out 0s; outline: 0px;\"><span style=\"font-size: 22.5pt; font-family: chopinscriptmedium, serif; color: #565a5c;\">1. Conditions d\u2019utilisation du site<\/span><\/h3><p style=\"margin: 0cm 0cm 0.0001pt; text-align: justify; background: whitesmoke; vertical-align: baseline; transition: all 0.3s ease-out 0s; outline: 0px;\"><span style=\"font-size: 10.5pt; font-family: 'Arial','sans-serif'; color: #565a5c;\">Le pr\u00e9sent site Web est la propri\u00e9t\u00e9 exclusive de \u00ab LASPICARDES \u00bb. Les \u00e9l\u00e9ments du site, tels que les textes, les images fixes ou anim\u00e9es, les bases de donn\u00e9es, les programmes, les langages,\u2026etc, sont prot\u00e9g\u00e9s par toute l\u00e9gislation en vigueur (le droit d\u2019auteur, le droit suis generis du producteur de la base de donn\u00e9es, droit des marques\u2026). L\u2019autorisation de reproduction ne vous est conc\u00e9d\u00e9e que sous forme num\u00e9rique en consultation. L\u2019impression papier est autoris\u00e9e aux fins de copie priv\u00e9e \u00e0 l\u2019usage exclusif du copiste au sens de l\u2019article L. 122-5 2\u00b0 du Code de la Propri\u00e9t\u00e9 Intellectuelle.Les informations contenues dans le pr\u00e9sent site web sont donn\u00e9es \u00e0 titre indicatif et sont sujettes \u00e0 changement sans pr\u00e9avis. Nous ne pouvons garantir l\u2019exactitude des informations qu\u2019il contient, ni le fonctionnement du site Web dans tous les cas de figure. Nous n\u2019assumons aucune responsabilit\u00e9 relative aux informations contenues et \u00e0 l\u2019existence ou la disponibilit\u00e9 de toute offre mentionn\u00e9e dans le pr\u00e9sent site Web et d\u00e9cline toute responsabilit\u00e9 d\u00e9coulant d\u2019une n\u00e9gligence ou autre concernant ces informations.<\/span><\/p><h3>\u00a0<\/h3><h3 style=\"margin-top: 0cm; text-align: justify; line-height: 27pt; background: whitesmoke; vertical-align: baseline; transition: all 0.3s ease-out 0s; outline: 0px;\"><span style=\"font-size: 22.5pt; font-family: chopinscriptmedium, serif; color: #565a5c;\">2. Droits de propri\u00e9t\u00e9 Intellectuelle<\/span><\/h3><p style=\"margin: 0cm 0cm 0.0001pt; text-align: justify; background: whitesmoke; vertical-align: baseline; transition: all 0.3s ease-out 0s; outline: 0px;\"><span style=\"font-size: 10.5pt; font-family: 'Arial','sans-serif'; color: #565a5c;\">L\u2019ensemble des \u00e9l\u00e9ments de ce site est prot\u00e9g\u00e9 par copyright \u00a9 \u2013 tous droits r\u00e9serv\u00e9s.Tous les \u00e9l\u00e9ments de propri\u00e9t\u00e9 intellectuelle, marques, noms commerciaux et logos sont la propri\u00e9t\u00e9 de \u00ab LASPICARDES \u00bb sauf mentions contraires. Toute reproduction du pr\u00e9sent site Web est interdite. Les dessins, photographies, images, textes, s\u00e9quences anim\u00e9es sonores ou non, et autres documentations repr\u00e9sent\u00e9es sur le pr\u00e9sent site internet sont objet de droits de propri\u00e9t\u00e9 industrielle et\/ou intellectuelle, propri\u00e9t\u00e9s de \u00ab LASPICARDES \u00bb. A ce titre, toute reproduction, repr\u00e9sentation, adaptation, traduction, et\/ou transformation, partielle ou int\u00e9grale, ou transfert sur un autre site sont interdits. La copie \u00e0 usage priv\u00e9 de ces diff\u00e9rents objets de droit est autoris\u00e9e, sous r\u00e9serve de la mention de la source. Les renseignements et pr\u00e9sentations contenus dans les pages de ce site sont fournis \u00e0 titre purement indicatif et restent susceptibles de modifications \u00e0 tout moment et sans pr\u00e9avis. Leur utilisation \u00e0 des fins priv\u00e9es ou professionnelles ne saurait engager la responsabilit\u00e9 de \u00ab LASPICARDES \u00bb de quelque mani\u00e8re que ce soit. \u00ab LASPICARDES \u00bb ne peut garantir l\u2019exactitude, la pr\u00e9cision ou l\u2019exhaustivit\u00e9 des informations mises \u00e0 disposition sur ce site; les photos ne sont pas contractuelles.<\/span><\/p><h3>\u00a0<\/h3><h3 style=\"margin-top: 0cm; text-align: justify; line-height: 27pt; background: whitesmoke; vertical-align: baseline; transition: all 0.3s ease-out 0s; outline: 0px;\"><span style=\"font-size: 22.5pt; font-family: chopinscriptmedium, serif; color: #565a5c;\">3. Liens hypertextes<\/span><\/h3><p style=\"margin: 0cm 0cm 0.0001pt; text-align: justify; background: whitesmoke; vertical-align: baseline; transition: all 0.3s ease-out 0s; outline: 0px;\"><span style=\"font-size: 10.5pt; font-family: 'Arial','sans-serif'; color: #565a5c;\">La pr\u00e9sence de liens hypertexte renvoyant vers d\u2019autres sites web ne constitue pas une garantie sur la qualit\u00e9 de contenu et de bon fonctionnement des dits sites. Notre responsabilit\u00e9 ne saurait \u00eatre engag\u00e9e quant au contenu de ces sites. L\u2019internaute doit utiliser ces informations avec les pr\u00e9cautions d\u2019usage. La cr\u00e9ation de liens hypertexte vers nos sites est soumise \u00e0 notre accord pr\u00e9alable. Dans le cas de la cr\u00e9ation d\u2019un lien hypertexte vers nos sites qui n\u2019aurait pas fait l\u2019objet d\u2019un accord pr\u00e9alable, nous nous r\u00e9servons le droit d\u2019exiger \u00e0 tout moment le retrait dudit lien hypertexte pointant sur nos sites.<\/span><\/p><h3>\u00a0<\/h3><h3 style=\"margin-top: 0cm; text-align: justify; line-height: 27pt; background: whitesmoke; vertical-align: baseline; transition: all 0.3s ease-out 0s; outline: 0px;\"><span style=\"font-size: 22.5pt; font-family: chopinscriptmedium, serif; color: #565a5c;\">4. Limitation de responsabilit\u00e9<\/span><\/h3><p style=\"margin: 0cm 0cm 0.0001pt; text-align: justify; background: whitesmoke; vertical-align: baseline; transition: all 0.3s ease-out 0s; outline: 0px;\"><span style=\"font-size: 10.5pt; font-family: 'Arial','sans-serif'; color: #565a5c;\">Les renseignements et pr\u00e9sentations contenus dans les pages de ce site sont fournis \u00e0 titre purement indicatif et restent susceptibles de modifications \u00e0 tout moment et sans pr\u00e9avis. Leur utilisation \u00e0 des fins priv\u00e9es ou professionnelles ne saurait engager la responsabilit\u00e9 de \u00ab LASPICARDES \u00bb de quelque mani\u00e8re que ce soit. \u00ab LASPICARDES \u00bb ne peut garantir l\u2019exactitude, la pr\u00e9cision ou l\u2019exhaustivit\u00e9 des informations mises \u00e0 disposition sur ce site; les photos ne sont pas contractuelles. En aucun cas, l\u2019\u00e9diteur ni l\u2019h\u00e9bergeur du site ne peuvent \u00eatre tenus responsables de dommages directs ou indirect, y compris mais de fa\u00e7on non limitative, de la perte de b\u00e9n\u00e9fice, de client\u00e8le ou de donn\u00e9es, dus \u00e0 l\u2019utilisation ou de l\u2019impossibilit\u00e9 d\u2019utiliser le site et son contenu, ainsi que les \u00e9l\u00e9ments auxquels le site permet d\u2019acc\u00e9der. Cette limitation vaut, tant en mati\u00e8re contractuelle que d\u00e9lictuelle, m\u00eame si l\u2019\u00e9diteur et\/ou l\u2019h\u00e9bergeur ont \u00e9t\u00e9 inform\u00e9 de la possibilit\u00e9 d\u2019un tel dommage<\/span><\/p><h3>\u00a0<\/h3><h3 style=\"margin-top: 0cm; text-align: justify; line-height: 27pt; background: whitesmoke; vertical-align: baseline; transition: all 0.3s ease-out 0s; outline: 0px;\"><span style=\"font-size: 22.5pt; font-family: chopinscriptmedium, serif; color: #565a5c;\">5. Loi applicable<\/span><\/h3><p style=\"margin: 0cm 0cm 0.0001pt; text-align: justify; background: whitesmoke; vertical-align: baseline; transition: all 0.3s ease-out 0s; outline: 0px;\"><span style=\"font-size: 10.5pt; font-family: 'Arial','sans-serif'; color: #565a5c;\">Le pr\u00e9sent site, dans tous ses \u00e9l\u00e9ments, est r\u00e9gi par la loi fran\u00e7aise.<\/span><\/p>\t\t\t\t\t\t\t\t<\/div>\n\t\t\t\t<\/div>\n\t\t\t\t\t<\/div>\n\t\t<\/div>\n\t\t\t\t\t<\/div>\n\t\t<\/section>\n\t\t\t\t<section class=\"elementor-section elementor-top-section elementor-element elementor-element-6b38850 elementor-section-boxed elementor-section-height-default elementor-section-height-default\" data-id=\"6b38850\" data-element_type=\"section\" data-e-type=\"section\">\n\t\t\t\t\t\t<div class=\"elementor-container elementor-column-gap-default\">\n\t\t\t\t\t<div class=\"elementor-column elementor-col-100 elementor-top-column elementor-element elementor-element-f458949\" data-id=\"f458949\" data-element_type=\"column\" data-e-type=\"column\">\n\t\t\t<div class=\"elementor-widget-wrap elementor-element-populated\">\n\t\t\t\t\t\t<div class=\"elementor-element elementor-element-d8ee6a8 elementor-widget elementor-widget-text-editor\" data-id=\"d8ee6a8\" data-element_type=\"widget\" data-e-type=\"widget\" data-widget_type=\"text-editor.default\">\n\t\t\t\t<div class=\"elementor-widget-container\">\n\t\t\t\t\t\t\t\t\t<p>Politique de confidentialit\u00e9:<\/p><p>Vous ne pouvez pas r\u00e9server sur ce site. Pas de formulaire donc pas de collecte de donn\u00e9es personnelles. Si vous nous communiquer une adresse email ou un num\u00e9ro de t\u00e9l\u00e9phone et que vous souhaitez qu&rsquo;on les supprimes de nos \u00e9quipements informatique merci de bien vouloir en faire la demande a inga-marco@laspicardes.com<\/p>\t\t\t\t\t\t\t\t<\/div>\n\t\t\t\t<\/div>\n\t\t\t\t\t<\/div>\n\t\t<\/div>\n\t\t\t\t\t<\/div>\n\t\t<\/section>\n\t\t\t\t<\/div>\n\t\t","protected":false},"excerpt":{"rendered":"<p>Editeur du site : Ce site est \u00e9dit\u00e9 par Marc GUENEL Chambres d\u2019h\u00f4tes, g\u00eete a Laspicardes.2064 route de Sainte Radegonde 47210 Doudrac, France e-mail :&hellip;<\/p>\n","protected":false},"author":1,"featured_media":0,"parent":0,"menu_order":0,"comment_status":"closed","ping_status":"closed","template":"","meta":{"footnotes":""},"class_list":["post-234","page","type-page","status-publish","hentry"],"_links":{"self":[{"href":"https:\/\/laspicardes.com\/aspi\/index.php?rest_route=\/wp\/v2\/pages\/234","targetHints":{"allow":["GET"]}}],"collection":[{"href":"https:\/\/laspicardes.com\/aspi\/index.php?rest_route=\/wp\/v2\/pages"}],"about":[{"href":"https:\/\/laspicardes.com\/aspi\/index.php?rest_route=\/wp\/v2\/types\/page"}],"author":[{"embeddable":true,"href":"https:\/\/laspicardes.com\/aspi\/index.php?rest_route=\/wp\/v2\/users\/1"}],"replies":[{"embeddable":true,"href":"https:\/\/laspicardes.com\/aspi\/index.php?rest_route=%2Fwp%2Fv2%2Fcomments&post=234"}],"version-history":[{"count":7,"href":"https:\/\/laspicardes.com\/aspi\/index.php?rest_route=\/wp\/v2\/pages\/234\/revisions"}],"predecessor-version":[{"id":663,"href":"https:\/\/laspicardes.com\/aspi\/index.php?rest_route=\/wp\/v2\/pages\/234\/revisions\/663"}],"wp:attachment":[{"href":"https:\/\/laspicardes.com\/aspi\/index.php?rest_route=%2Fwp%2Fv2%2Fmedia&parent=234"}],"curies":[{"name":"wp","href":"https:\/\/api.w.org\/{rel}","templated":true}]}}