{"id":72,"date":"2018-06-15T09:03:12","date_gmt":"2018-06-15T09:03:12","guid":{"rendered":"http:\/\/laspicardes.com\/?page_id=72"},"modified":"2023-07-09T05:11:41","modified_gmt":"2023-07-09T05:11:41","slug":"nos-chambres","status":"publish","type":"page","link":"https:\/\/laspicardes.com\/aspi\/?page_id=72","title":{"rendered":"Nos Chambres"},"content":{"rendered":"\t\t<div data-elementor-type=\"wp-post\" data-elementor-id=\"72\" class=\"elementor elementor-72\">\n\t\t\t\t\t\t<section class=\"elementor-section elementor-top-section elementor-element elementor-element-d05c923 elementor-section-full_width elementor-section-height-min-height elementor-section-height-default elementor-section-items-middle\" data-id=\"d05c923\" data-element_type=\"section\" data-e-type=\"section\">\n\t\t\t\t\t\t<div class=\"elementor-container elementor-column-gap-default\">\n\t\t\t\t\t<div class=\"elementor-column elementor-col-100 elementor-top-column elementor-element elementor-element-a08f433\" data-id=\"a08f433\" data-element_type=\"column\" data-e-type=\"column\">\n\t\t\t<div class=\"elementor-widget-wrap elementor-element-populated\">\n\t\t\t\t\t\t<div class=\"elementor-element elementor-element-f8d5e2c elementor-widget elementor-widget-text-editor\" data-id=\"f8d5e2c\" data-element_type=\"widget\" data-e-type=\"widget\" data-widget_type=\"text-editor.default\">\n\t\t\t\t<div class=\"elementor-widget-container\">\n\t\t\t\t\t\t\t\t\t<p>Nos Chambres sont situ\u00e9es a l&rsquo;\u00e9tage de la maison.<\/p><p>Nous pouvons pr\u00e9parer un lit double ou deux lits simple.<\/p><p>Nous avons deux chambres disponibles, avec une troisi\u00e8me sur demande.<\/p><p>Chacune dispose d&rsquo;une salle d&rsquo;eau avec douche, lavabo et WC.<\/p><p>Literie, serviettes, s\u00e8che cheveux sont sur place.\u00a0\u00a0<\/p><p>Wifi gratuit.<\/p><p>Acc\u00e8s a la piscine partag\u00e9e.<\/p><p>Tarif: 65\u20ac par nuit par chambre, petit d\u00e9jeuner inclus.<\/p>\t\t\t\t\t\t\t\t<\/div>\n\t\t\t\t<\/div>\n\t\t\t\t<div class=\"elementor-element elementor-element-ec31bd3 elementor-arrows-position-inside elementor-pagination-position-outside elementor-widget elementor-widget-image-carousel\" data-id=\"ec31bd3\" data-element_type=\"widget\" data-e-type=\"widget\" data-settings=\"{&quot;slides_to_show&quot;:&quot;1&quot;,&quot;navigation&quot;:&quot;both&quot;,&quot;autoplay&quot;:&quot;yes&quot;,&quot;pause_on_hover&quot;:&quot;yes&quot;,&quot;pause_on_interaction&quot;:&quot;yes&quot;,&quot;autoplay_speed&quot;:5000,&quot;infinite&quot;:&quot;yes&quot;,&quot;effect&quot;:&quot;slide&quot;,&quot;speed&quot;:500}\" data-widget_type=\"image-carousel.default\">\n\t\t\t\t<div class=\"elementor-widget-container\">\n\t\t\t\t\t\t\t<div class=\"elementor-image-carousel-wrapper swiper\" role=\"region\" aria-roledescription=\"carousel\" aria-label=\"Carrousel d\u2019images\" dir=\"ltr\">\n\t\t\t<div class=\"elementor-image-carousel swiper-wrapper\" aria-live=\"off\">\n\t\t\t\t\t\t\t\t<div class=\"swiper-slide\" role=\"group\" aria-roledescription=\"slide\" aria-label=\"1 sur 9\"><figure class=\"swiper-slide-inner\"><img decoding=\"async\" class=\"swiper-slide-image\" src=\"https:\/\/laspicardes.com\/aspi\/wp-content\/uploads\/2019\/02\/Ch1-Deco.jpg\" alt=\"Ch1 Deco\" \/><\/figure><\/div><div class=\"swiper-slide\" role=\"group\" aria-roledescription=\"slide\" aria-label=\"2 sur 9\"><figure class=\"swiper-slide-inner\"><img decoding=\"async\" class=\"swiper-slide-image\" src=\"https:\/\/laspicardes.com\/aspi\/wp-content\/uploads\/2019\/02\/Ch1-Vue.jpg\" alt=\"Ch1 Vue\" \/><\/figure><\/div><div class=\"swiper-slide\" role=\"group\" aria-roledescription=\"slide\" aria-label=\"3 sur 9\"><figure class=\"swiper-slide-inner\"><img decoding=\"async\" class=\"swiper-slide-image\" src=\"https:\/\/laspicardes.com\/aspi\/wp-content\/uploads\/2019\/02\/Ch1-Vue2-e1556260330591.jpg\" alt=\"Ch1 Vue2\" \/><\/figure><\/div><div class=\"swiper-slide\" role=\"group\" aria-roledescription=\"slide\" aria-label=\"4 sur 9\"><figure class=\"swiper-slide-inner\"><img decoding=\"async\" class=\"swiper-slide-image\" src=\"https:\/\/laspicardes.com\/aspi\/wp-content\/uploads\/2019\/02\/Ch1-Lit.jpg\" alt=\"Ch1 Lit\" \/><\/figure><\/div><div class=\"swiper-slide\" role=\"group\" aria-roledescription=\"slide\" aria-label=\"5 sur 9\"><figure class=\"swiper-slide-inner\"><img decoding=\"async\" class=\"swiper-slide-image\" src=\"https:\/\/laspicardes.com\/aspi\/wp-content\/uploads\/2019\/02\/sdb1-e1556260251982.jpg\" alt=\"sdb1\" \/><\/figure><\/div><div class=\"swiper-slide\" role=\"group\" aria-roledescription=\"slide\" aria-label=\"6 sur 9\"><figure class=\"swiper-slide-inner\"><img decoding=\"async\" class=\"swiper-slide-image\" src=\"https:\/\/laspicardes.com\/aspi\/wp-content\/uploads\/2019\/02\/Ch-2-Vue-e1556260359735.jpg\" alt=\"Ch 2 Vue\" \/><\/figure><\/div><div class=\"swiper-slide\" role=\"group\" aria-roledescription=\"slide\" aria-label=\"7 sur 9\"><figure class=\"swiper-slide-inner\"><img decoding=\"async\" class=\"swiper-slide-image\" src=\"https:\/\/laspicardes.com\/aspi\/wp-content\/uploads\/2019\/02\/Ch2-Deco-e1556260301955.jpg\" alt=\"Ch2 Deco\" \/><\/figure><\/div><div class=\"swiper-slide\" role=\"group\" aria-roledescription=\"slide\" aria-label=\"8 sur 9\"><figure class=\"swiper-slide-inner\"><img decoding=\"async\" class=\"swiper-slide-image\" src=\"https:\/\/laspicardes.com\/aspi\/wp-content\/uploads\/2019\/02\/Ch2-Lit-e1556260277225.jpg\" alt=\"Ch2 Lit\" \/><\/figure><\/div><div class=\"swiper-slide\" role=\"group\" aria-roledescription=\"slide\" aria-label=\"9 sur 9\"><figure class=\"swiper-slide-inner\"><img decoding=\"async\" class=\"swiper-slide-image\" src=\"https:\/\/laspicardes.com\/aspi\/wp-content\/uploads\/2019\/02\/sdb2-e1556260224236.jpg\" alt=\"sdb2\" \/><\/figure><\/div>\t\t\t<\/div>\n\t\t\t\t\t\t\t\t\t\t\t\t<div class=\"elementor-swiper-button elementor-swiper-button-prev\" role=\"button\" tabindex=\"0\">\n\t\t\t\t\t\t<i aria-hidden=\"true\" class=\"eicon-chevron-left\"><\/i>\t\t\t\t\t<\/div>\n\t\t\t\t\t<div class=\"elementor-swiper-button elementor-swiper-button-next\" role=\"button\" tabindex=\"0\">\n\t\t\t\t\t\t<i aria-hidden=\"true\" class=\"eicon-chevron-right\"><\/i>\t\t\t\t\t<\/div>\n\t\t\t\t\n\t\t\t\t\t\t\t\t\t<div class=\"swiper-pagination\"><\/div>\n\t\t\t\t\t\t\t\t\t<\/div>\n\t\t\t\t\t\t<\/div>\n\t\t\t\t<\/div>\n\t\t\t\t\t<\/div>\n\t\t<\/div>\n\t\t\t\t\t<\/div>\n\t\t<\/section>\n\t\t\t\t<\/div>\n\t\t","protected":false},"excerpt":{"rendered":"<p>Nos Chambres sont situ\u00e9es a l&rsquo;\u00e9tage de la maison. Nous pouvons pr\u00e9parer un lit double ou deux lits simple. Nous avons deux chambres disponibles, avec&hellip;<\/p>\n","protected":false},"author":1,"featured_media":0,"parent":0,"menu_order":0,"comment_status":"closed","ping_status":"closed","template":"","meta":{"footnotes":""},"class_list":["post-72","page","type-page","status-publish","hentry"],"_links":{"self":[{"href":"https:\/\/laspicardes.com\/aspi\/index.php?rest_route=\/wp\/v2\/pages\/72","targetHints":{"allow":["GET"]}}],"collection":[{"href":"https:\/\/laspicardes.com\/aspi\/index.php?rest_route=\/wp\/v2\/pages"}],"about":[{"href":"https:\/\/laspicardes.com\/aspi\/index.php?rest_route=\/wp\/v2\/types\/page"}],"author":[{"embeddable":true,"href":"https:\/\/laspicardes.com\/aspi\/index.php?rest_route=\/wp\/v2\/users\/1"}],"replies":[{"embeddable":true,"href":"https:\/\/laspicardes.com\/aspi\/index.php?rest_route=%2Fwp%2Fv2%2Fcomments&post=72"}],"version-history":[{"count":28,"href":"https:\/\/laspicardes.com\/aspi\/index.php?rest_route=\/wp\/v2\/pages\/72\/revisions"}],"predecessor-version":[{"id":763,"href":"https:\/\/laspicardes.com\/aspi\/index.php?rest_route=\/wp\/v2\/pages\/72\/revisions\/763"}],"wp:attachment":[{"href":"https:\/\/laspicardes.com\/aspi\/index.php?rest_route=%2Fwp%2Fv2%2Fmedia&parent=72"}],"curies":[{"name":"wp","href":"https:\/\/api.w.org\/{rel}","templated":true}]}}