{"id":73,"date":"2018-06-15T09:03:13","date_gmt":"2018-06-15T09:03:13","guid":{"rendered":"http:\/\/laspicardes.com\/?page_id=73"},"modified":"2023-07-09T05:14:03","modified_gmt":"2023-07-09T05:14:03","slug":"le-gite","status":"publish","type":"page","link":"https:\/\/laspicardes.com\/aspi\/?page_id=73","title":{"rendered":"Le G\u00eete"},"content":{"rendered":"\t\t<div data-elementor-type=\"wp-post\" data-elementor-id=\"73\" class=\"elementor elementor-73\">\n\t\t\t\t\t\t<section class=\"elementor-section elementor-top-section elementor-element elementor-element-f34e02c elementor-section-boxed elementor-section-height-default elementor-section-height-default\" data-id=\"f34e02c\" data-element_type=\"section\" data-e-type=\"section\">\n\t\t\t\t\t\t<div class=\"elementor-container elementor-column-gap-default\">\n\t\t\t\t\t<div class=\"elementor-column elementor-col-100 elementor-top-column elementor-element elementor-element-ffef2f8\" data-id=\"ffef2f8\" data-element_type=\"column\" data-e-type=\"column\">\n\t\t\t<div class=\"elementor-widget-wrap elementor-element-populated\">\n\t\t\t\t\t\t<div class=\"elementor-element elementor-element-8de1064 elementor-widget elementor-widget-text-editor\" data-id=\"8de1064\" data-element_type=\"widget\" data-e-type=\"widget\" data-widget_type=\"text-editor.default\">\n\t\t\t\t<div class=\"elementor-widget-container\">\n\t\t\t\t\t\t\t\t\t<p style=\"text-align: left;\">Notre G\u00eete, mitoyen \u00e0 la maison, dispose d&rsquo;une entr\u00e9e s\u00e9par\u00e9e.<\/p><p style=\"text-align: left;\">Une pi\u00e8ce de vie avec coin repas, salon et cuisine \u00e9quip\u00e9e.<\/p><p style=\"text-align: left;\">Une chambre avec un lit double.<\/p><p style=\"text-align: left;\">Une salle d&rsquo;eau avec douche, lavabo et machine a laver.<\/p><p style=\"text-align: left;\">Un WC.<\/p><p style=\"text-align: left;\">Une v\u00e9randa avec acc\u00e8s a la piscine partag\u00e9e.<\/p><p style=\"text-align: left;\">Une petite terrasse priv\u00e9e.<\/p><p style=\"text-align: left;\">Linges de maison et literie fournie. Wifi gratuit<\/p><p>Tarifs &#8211; 75\u20ac par nuit, minimum 4 nuits en saison.<\/p>\t\t\t\t\t\t\t\t<\/div>\n\t\t\t\t<\/div>\n\t\t\t\t<div class=\"elementor-element elementor-element-e62783d elementor-arrows-position-inside elementor-pagination-position-outside elementor-widget elementor-widget-image-carousel\" data-id=\"e62783d\" data-element_type=\"widget\" data-e-type=\"widget\" data-settings=\"{&quot;slides_to_show&quot;:&quot;1&quot;,&quot;navigation&quot;:&quot;both&quot;,&quot;autoplay&quot;:&quot;yes&quot;,&quot;pause_on_hover&quot;:&quot;yes&quot;,&quot;pause_on_interaction&quot;:&quot;yes&quot;,&quot;autoplay_speed&quot;:5000,&quot;infinite&quot;:&quot;yes&quot;,&quot;effect&quot;:&quot;slide&quot;,&quot;speed&quot;:500}\" data-widget_type=\"image-carousel.default\">\n\t\t\t\t<div class=\"elementor-widget-container\">\n\t\t\t\t\t\t\t<div class=\"elementor-image-carousel-wrapper swiper\" role=\"region\" aria-roledescription=\"carousel\" aria-label=\"Carrousel d\u2019images\" dir=\"ltr\">\n\t\t\t<div class=\"elementor-image-carousel swiper-wrapper\" aria-live=\"off\">\n\t\t\t\t\t\t\t\t<div class=\"swiper-slide\" role=\"group\" aria-roledescription=\"slide\" aria-label=\"1 sur 12\"><figure class=\"swiper-slide-inner\"><img decoding=\"async\" class=\"swiper-slide-image\" src=\"https:\/\/laspicardes.com\/aspi\/wp-content\/uploads\/2019\/02\/Vue-1.jpg\" alt=\"Vue 1\" \/><\/figure><\/div><div class=\"swiper-slide\" role=\"group\" aria-roledescription=\"slide\" aria-label=\"2 sur 12\"><figure class=\"swiper-slide-inner\"><img decoding=\"async\" class=\"swiper-slide-image\" src=\"https:\/\/laspicardes.com\/aspi\/wp-content\/uploads\/2019\/02\/Vue-2.jpg\" alt=\"Vue 2\" \/><\/figure><\/div><div class=\"swiper-slide\" role=\"group\" aria-roledescription=\"slide\" aria-label=\"3 sur 12\"><figure class=\"swiper-slide-inner\"><img decoding=\"async\" class=\"swiper-slide-image\" src=\"https:\/\/laspicardes.com\/aspi\/wp-content\/uploads\/2019\/02\/G\u00eete-ext-2-1350x900.jpg\" alt=\"G\u00eete ext 2\" \/><\/figure><\/div><div class=\"swiper-slide\" role=\"group\" aria-roledescription=\"slide\" aria-label=\"4 sur 12\"><figure class=\"swiper-slide-inner\"><img decoding=\"async\" class=\"swiper-slide-image\" src=\"https:\/\/laspicardes.com\/aspi\/wp-content\/uploads\/2019\/02\/G\u00eete-ext-4-1350x900.jpg\" alt=\"G\u00eete ext 4\" \/><\/figure><\/div><div class=\"swiper-slide\" role=\"group\" aria-roledescription=\"slide\" aria-label=\"5 sur 12\"><figure class=\"swiper-slide-inner\"><img decoding=\"async\" class=\"swiper-slide-image\" src=\"https:\/\/laspicardes.com\/aspi\/wp-content\/uploads\/2019\/02\/Cuisine-ouverte-1204x900.jpg\" alt=\"Cuisine ouverte\" \/><\/figure><\/div><div class=\"swiper-slide\" role=\"group\" aria-roledescription=\"slide\" aria-label=\"6 sur 12\"><figure class=\"swiper-slide-inner\"><img decoding=\"async\" class=\"swiper-slide-image\" src=\"https:\/\/laspicardes.com\/aspi\/wp-content\/uploads\/2019\/02\/Salon-2.jpg\" alt=\"Salon 2\" \/><\/figure><\/div><div class=\"swiper-slide\" role=\"group\" aria-roledescription=\"slide\" aria-label=\"7 sur 12\"><figure class=\"swiper-slide-inner\"><img decoding=\"async\" class=\"swiper-slide-image\" src=\"https:\/\/laspicardes.com\/aspi\/wp-content\/uploads\/2019\/02\/Salon.jpg\" alt=\"Salon\" \/><\/figure><\/div><div class=\"swiper-slide\" role=\"group\" aria-roledescription=\"slide\" aria-label=\"8 sur 12\"><figure class=\"swiper-slide-inner\"><img decoding=\"async\" class=\"swiper-slide-image\" src=\"https:\/\/laspicardes.com\/aspi\/wp-content\/uploads\/2019\/02\/Gite-Chambre-1200x900.jpg\" alt=\"Gite Chambre\" \/><\/figure><\/div><div class=\"swiper-slide\" role=\"group\" aria-roledescription=\"slide\" aria-label=\"9 sur 12\"><figure class=\"swiper-slide-inner\"><img decoding=\"async\" class=\"swiper-slide-image\" src=\"https:\/\/laspicardes.com\/aspi\/wp-content\/uploads\/2019\/02\/Salle-deau-1200x900.jpg\" alt=\"Salle d&#039;eau\" \/><\/figure><\/div><div class=\"swiper-slide\" role=\"group\" aria-roledescription=\"slide\" aria-label=\"10 sur 12\"><figure class=\"swiper-slide-inner\"><img decoding=\"async\" class=\"swiper-slide-image\" src=\"https:\/\/laspicardes.com\/aspi\/wp-content\/uploads\/2019\/02\/Douche-675x900.jpg\" alt=\"Douche\" \/><\/figure><\/div><div class=\"swiper-slide\" role=\"group\" aria-roledescription=\"slide\" aria-label=\"11 sur 12\"><figure class=\"swiper-slide-inner\"><img decoding=\"async\" class=\"swiper-slide-image\" src=\"https:\/\/laspicardes.com\/aspi\/wp-content\/uploads\/2019\/02\/veranda.jpg\" alt=\"veranda\" \/><\/figure><\/div><div class=\"swiper-slide\" role=\"group\" aria-roledescription=\"slide\" aria-label=\"12 sur 12\"><figure class=\"swiper-slide-inner\"><img decoding=\"async\" class=\"swiper-slide-image\" src=\"https:\/\/laspicardes.com\/aspi\/wp-content\/uploads\/2019\/02\/randi7.jpg\" alt=\"randi7\" \/><\/figure><\/div>\t\t\t<\/div>\n\t\t\t\t\t\t\t\t\t\t\t\t<div class=\"elementor-swiper-button elementor-swiper-button-prev\" role=\"button\" tabindex=\"0\">\n\t\t\t\t\t\t<i aria-hidden=\"true\" class=\"eicon-chevron-left\"><\/i>\t\t\t\t\t<\/div>\n\t\t\t\t\t<div class=\"elementor-swiper-button elementor-swiper-button-next\" role=\"button\" tabindex=\"0\">\n\t\t\t\t\t\t<i aria-hidden=\"true\" class=\"eicon-chevron-right\"><\/i>\t\t\t\t\t<\/div>\n\t\t\t\t\n\t\t\t\t\t\t\t\t\t<div class=\"swiper-pagination\"><\/div>\n\t\t\t\t\t\t\t\t\t<\/div>\n\t\t\t\t\t\t<\/div>\n\t\t\t\t<\/div>\n\t\t\t\t\t<\/div>\n\t\t<\/div>\n\t\t\t\t\t<\/div>\n\t\t<\/section>\n\t\t\t\t<\/div>\n\t\t","protected":false},"excerpt":{"rendered":"<p>Notre G\u00eete, mitoyen \u00e0 la maison, dispose d&rsquo;une entr\u00e9e s\u00e9par\u00e9e. Une pi\u00e8ce de vie avec coin repas, salon et cuisine \u00e9quip\u00e9e. Une chambre avec un&hellip;<\/p>\n","protected":false},"author":1,"featured_media":0,"parent":0,"menu_order":0,"comment_status":"closed","ping_status":"closed","template":"","meta":{"footnotes":""},"class_list":["post-73","page","type-page","status-publish","hentry"],"_links":{"self":[{"href":"https:\/\/laspicardes.com\/aspi\/index.php?rest_route=\/wp\/v2\/pages\/73","targetHints":{"allow":["GET"]}}],"collection":[{"href":"https:\/\/laspicardes.com\/aspi\/index.php?rest_route=\/wp\/v2\/pages"}],"about":[{"href":"https:\/\/laspicardes.com\/aspi\/index.php?rest_route=\/wp\/v2\/types\/page"}],"author":[{"embeddable":true,"href":"https:\/\/laspicardes.com\/aspi\/index.php?rest_route=\/wp\/v2\/users\/1"}],"replies":[{"embeddable":true,"href":"https:\/\/laspicardes.com\/aspi\/index.php?rest_route=%2Fwp%2Fv2%2Fcomments&post=73"}],"version-history":[{"count":21,"href":"https:\/\/laspicardes.com\/aspi\/index.php?rest_route=\/wp\/v2\/pages\/73\/revisions"}],"predecessor-version":[{"id":766,"href":"https:\/\/laspicardes.com\/aspi\/index.php?rest_route=\/wp\/v2\/pages\/73\/revisions\/766"}],"wp:attachment":[{"href":"https:\/\/laspicardes.com\/aspi\/index.php?rest_route=%2Fwp%2Fv2%2Fmedia&parent=73"}],"curies":[{"name":"wp","href":"https:\/\/api.w.org\/{rel}","templated":true}]}}